{"id":589,"date":"2023-05-11T11:58:44","date_gmt":"2023-05-11T09:58:44","guid":{"rendered":"https:\/\/www.cie-esqui-mot.fr\/?page_id=589"},"modified":"2025-06-13T18:47:57","modified_gmt":"2025-06-13T16:47:57","slug":"deambulation","status":"publish","type":"page","link":"https:\/\/www.cie-esqui-mot.fr\/index.php\/deambulation\/","title":{"rendered":"Les Ent\u00eat\u00e9es"},"content":{"rendered":"\n<p class=\"wp-block-paragraph\">Deux t\u00eates de masques-marionnettes g\u00e9antes construites par Patricia Gattepaille de la <a href=\"https:\/\/www.azuretlesaeroplanes.com\/\">Cie Azur et les A\u00e9roplanes<\/a> nous ont \u00e9t\u00e9 confi\u00e9es pour d\u00e9ambuler lors d&#8217;\u00e9v\u00e9nements festifs.<\/p>\n\n\n\n<p class=\"wp-block-paragraph\">Nous les avons renomm\u00e9es <em>Les Ent\u00eat\u00e9es<\/em>.<\/p>\n\n\n\n<p class=\"wp-block-paragraph\">En 2023 elles ont particip\u00e9 au <a href=\"https:\/\/www.karnaval.fr\/\">Karnaval Humanitaire<\/a> de Villeurbanne (69). Elles ont dans\u00e9 et enflamm\u00e9 les rues au milieu de la fanfare et des enfants costum\u00e9s !<\/p>\n\n\n\n<p class=\"wp-block-paragraph\">En 2024, elles ont rejoint l&#8217;\u00e9quipe du festival de marionnettes A 2 mains \u00e0 Ch\u00e2tel-en-Tri\u00e8ves (38) pour divertir les festivaliers et festivali\u00e8res entre 2 spectacles.<\/p>\n\n\n\n<p class=\"wp-block-paragraph\">Une troisi\u00e8me Ent\u1ebft\u00e9e pr\u00e9pare son costume et une \u00e9quipe de porteuses et porteurs se r\u00e9unit pour \u00e9crire leur projet&#8230; Plus d&#8217;infos \u00e0 venir fin 2025-d\u00e9but 2026.<\/p>\n\n\n\n<figure class=\"wp-block-gallery has-nested-images columns-default is-cropped wp-block-gallery-1 is-layout-flex wp-block-gallery-is-layout-flex\">\n<figure class=\"wp-block-image size-large\"><img loading=\"lazy\" decoding=\"async\" width=\"683\" height=\"1024\" data-id=\"591\" src=\"https:\/\/www.cie-esqui-mot.fr\/wp-content\/uploads\/2023\/05\/Defile-Karna_ACherrier_211-683x1024.jpg\" alt=\"\" class=\"wp-image-591\" srcset=\"https:\/\/www.cie-esqui-mot.fr\/wp-content\/uploads\/2023\/05\/Defile-Karna_ACherrier_211-683x1024.jpg 683w, https:\/\/www.cie-esqui-mot.fr\/wp-content\/uploads\/2023\/05\/Defile-Karna_ACherrier_211-200x300.jpg 200w, https:\/\/www.cie-esqui-mot.fr\/wp-content\/uploads\/2023\/05\/Defile-Karna_ACherrier_211-768x1152.jpg 768w, https:\/\/www.cie-esqui-mot.fr\/wp-content\/uploads\/2023\/05\/Defile-Karna_ACherrier_211-1024x1536.jpg 1024w, https:\/\/www.cie-esqui-mot.fr\/wp-content\/uploads\/2023\/05\/Defile-Karna_ACherrier_211-1365x2048.jpg 1365w, https:\/\/www.cie-esqui-mot.fr\/wp-content\/uploads\/2023\/05\/Defile-Karna_ACherrier_211-scaled.jpg 1707w\" sizes=\"auto, (max-width: 683px) 100vw, 683px\" \/><figcaption class=\"wp-element-caption\">Photos prises par A. Cherrier<\/figcaption><\/figure>\n\n\n\n<figure class=\"wp-block-image size-large\"><img loading=\"lazy\" decoding=\"async\" width=\"683\" height=\"1024\" data-id=\"593\" src=\"https:\/\/www.cie-esqui-mot.fr\/wp-content\/uploads\/2023\/05\/Defile-Karna_ACherrier_191-683x1024.jpg\" alt=\"\" class=\"wp-image-593\" srcset=\"https:\/\/www.cie-esqui-mot.fr\/wp-content\/uploads\/2023\/05\/Defile-Karna_ACherrier_191-683x1024.jpg 683w, https:\/\/www.cie-esqui-mot.fr\/wp-content\/uploads\/2023\/05\/Defile-Karna_ACherrier_191-200x300.jpg 200w, https:\/\/www.cie-esqui-mot.fr\/wp-content\/uploads\/2023\/05\/Defile-Karna_ACherrier_191-768x1152.jpg 768w, https:\/\/www.cie-esqui-mot.fr\/wp-content\/uploads\/2023\/05\/Defile-Karna_ACherrier_191-1024x1536.jpg 1024w, https:\/\/www.cie-esqui-mot.fr\/wp-content\/uploads\/2023\/05\/Defile-Karna_ACherrier_191-1365x2048.jpg 1365w, https:\/\/www.cie-esqui-mot.fr\/wp-content\/uploads\/2023\/05\/Defile-Karna_ACherrier_191-scaled.jpg 1707w\" sizes=\"auto, (max-width: 683px) 100vw, 683px\" \/><\/figure>\n\n\n\n<figure class=\"wp-block-image size-large\"><img loading=\"lazy\" decoding=\"async\" width=\"1024\" height=\"683\" data-id=\"590\" src=\"https:\/\/www.cie-esqui-mot.fr\/wp-content\/uploads\/2023\/05\/Defile-Karna_ACherrier_98-1024x683.jpg\" alt=\"\" class=\"wp-image-590\" srcset=\"https:\/\/www.cie-esqui-mot.fr\/wp-content\/uploads\/2023\/05\/Defile-Karna_ACherrier_98-1024x683.jpg 1024w, https:\/\/www.cie-esqui-mot.fr\/wp-content\/uploads\/2023\/05\/Defile-Karna_ACherrier_98-300x200.jpg 300w, https:\/\/www.cie-esqui-mot.fr\/wp-content\/uploads\/2023\/05\/Defile-Karna_ACherrier_98-768x512.jpg 768w, https:\/\/www.cie-esqui-mot.fr\/wp-content\/uploads\/2023\/05\/Defile-Karna_ACherrier_98-1536x1024.jpg 1536w, https:\/\/www.cie-esqui-mot.fr\/wp-content\/uploads\/2023\/05\/Defile-Karna_ACherrier_98-2048x1365.jpg 2048w, https:\/\/www.cie-esqui-mot.fr\/wp-content\/uploads\/2023\/05\/Defile-Karna_ACherrier_98-450x300.jpg 450w\" sizes=\"auto, (max-width: 1024px) 100vw, 1024px\" \/><\/figure>\n\n\n\n<figure class=\"wp-block-image size-large\"><img loading=\"lazy\" decoding=\"async\" width=\"683\" height=\"1024\" data-id=\"595\" src=\"https:\/\/www.cie-esqui-mot.fr\/wp-content\/uploads\/2023\/05\/Defile-Karna_ACherrier_93-683x1024.jpg\" alt=\"\" class=\"wp-image-595\" srcset=\"https:\/\/www.cie-esqui-mot.fr\/wp-content\/uploads\/2023\/05\/Defile-Karna_ACherrier_93-683x1024.jpg 683w, https:\/\/www.cie-esqui-mot.fr\/wp-content\/uploads\/2023\/05\/Defile-Karna_ACherrier_93-200x300.jpg 200w, https:\/\/www.cie-esqui-mot.fr\/wp-content\/uploads\/2023\/05\/Defile-Karna_ACherrier_93-768x1152.jpg 768w, https:\/\/www.cie-esqui-mot.fr\/wp-content\/uploads\/2023\/05\/Defile-Karna_ACherrier_93-1024x1536.jpg 1024w, https:\/\/www.cie-esqui-mot.fr\/wp-content\/uploads\/2023\/05\/Defile-Karna_ACherrier_93-1365x2048.jpg 1365w, https:\/\/www.cie-esqui-mot.fr\/wp-content\/uploads\/2023\/05\/Defile-Karna_ACherrier_93-scaled.jpg 1707w\" sizes=\"auto, (max-width: 683px) 100vw, 683px\" \/><\/figure>\n\n\n\n<figure class=\"wp-block-image size-large\"><img loading=\"lazy\" decoding=\"async\" width=\"1024\" height=\"683\" data-id=\"594\" src=\"https:\/\/www.cie-esqui-mot.fr\/wp-content\/uploads\/2023\/05\/Defile-Karna_ACherrier_32-1024x683.jpg\" alt=\"\" class=\"wp-image-594\" srcset=\"https:\/\/www.cie-esqui-mot.fr\/wp-content\/uploads\/2023\/05\/Defile-Karna_ACherrier_32-1024x683.jpg 1024w, https:\/\/www.cie-esqui-mot.fr\/wp-content\/uploads\/2023\/05\/Defile-Karna_ACherrier_32-300x200.jpg 300w, https:\/\/www.cie-esqui-mot.fr\/wp-content\/uploads\/2023\/05\/Defile-Karna_ACherrier_32-768x512.jpg 768w, https:\/\/www.cie-esqui-mot.fr\/wp-content\/uploads\/2023\/05\/Defile-Karna_ACherrier_32-1536x1024.jpg 1536w, https:\/\/www.cie-esqui-mot.fr\/wp-content\/uploads\/2023\/05\/Defile-Karna_ACherrier_32-2048x1365.jpg 2048w, https:\/\/www.cie-esqui-mot.fr\/wp-content\/uploads\/2023\/05\/Defile-Karna_ACherrier_32-450x300.jpg 450w\" sizes=\"auto, (max-width: 1024px) 100vw, 1024px\" \/><\/figure>\n\n\n\n<figure class=\"wp-block-image size-large\"><img loading=\"lazy\" decoding=\"async\" width=\"683\" height=\"1024\" data-id=\"592\" src=\"https:\/\/www.cie-esqui-mot.fr\/wp-content\/uploads\/2023\/05\/Defile-Karna_ACherrier_81-683x1024.jpg\" alt=\"\" class=\"wp-image-592\" srcset=\"https:\/\/www.cie-esqui-mot.fr\/wp-content\/uploads\/2023\/05\/Defile-Karna_ACherrier_81-683x1024.jpg 683w, https:\/\/www.cie-esqui-mot.fr\/wp-content\/uploads\/2023\/05\/Defile-Karna_ACherrier_81-200x300.jpg 200w, https:\/\/www.cie-esqui-mot.fr\/wp-content\/uploads\/2023\/05\/Defile-Karna_ACherrier_81-768x1152.jpg 768w, https:\/\/www.cie-esqui-mot.fr\/wp-content\/uploads\/2023\/05\/Defile-Karna_ACherrier_81-1024x1536.jpg 1024w, https:\/\/www.cie-esqui-mot.fr\/wp-content\/uploads\/2023\/05\/Defile-Karna_ACherrier_81-1365x2048.jpg 1365w, https:\/\/www.cie-esqui-mot.fr\/wp-content\/uploads\/2023\/05\/Defile-Karna_ACherrier_81-scaled.jpg 1707w\" sizes=\"auto, (max-width: 683px) 100vw, 683px\" \/><\/figure>\n<\/figure>\n\n\n\n<div style=\"height:28px\" aria-hidden=\"true\" class=\"wp-block-spacer\"><\/div>\n\n\n\n<figure class=\"wp-block-gallery has-nested-images columns-default is-cropped wp-block-gallery-2 is-layout-flex wp-block-gallery-is-layout-flex\">\n<figure class=\"wp-block-image size-large\"><img loading=\"lazy\" decoding=\"async\" width=\"1024\" height=\"682\" data-id=\"974\" src=\"https:\/\/www.cie-esqui-mot.fr\/wp-content\/uploads\/2025\/05\/0756-1024x682.jpg\" alt=\"\" class=\"wp-image-974\" srcset=\"https:\/\/www.cie-esqui-mot.fr\/wp-content\/uploads\/2025\/05\/0756-1024x682.jpg 1024w, https:\/\/www.cie-esqui-mot.fr\/wp-content\/uploads\/2025\/05\/0756-300x200.jpg 300w, https:\/\/www.cie-esqui-mot.fr\/wp-content\/uploads\/2025\/05\/0756-768x512.jpg 768w, https:\/\/www.cie-esqui-mot.fr\/wp-content\/uploads\/2025\/05\/0756-1536x1024.jpg 1536w, https:\/\/www.cie-esqui-mot.fr\/wp-content\/uploads\/2025\/05\/0756-450x300.jpg 450w, https:\/\/www.cie-esqui-mot.fr\/wp-content\/uploads\/2025\/05\/0756.jpg 2000w\" sizes=\"auto, (max-width: 1024px) 100vw, 1024px\" \/><figcaption class=\"wp-element-caption\">Photo prise par H. Milliard &#8211; http:\/\/artimage13.fr\/<\/figcaption><\/figure>\n<\/figure>\n","protected":false},"excerpt":{"rendered":"<p>Deux t\u00eates de masques-marionnettes g\u00e9antes construites par Patricia Gattepaille de la Cie Azur et les A\u00e9roplanes nous ont \u00e9t\u00e9 confi\u00e9es pour d\u00e9ambuler lors d&#8217;\u00e9v\u00e9nements festifs. &hellip;<\/p>\n","protected":false},"author":1,"featured_media":964,"parent":0,"menu_order":0,"comment_status":"closed","ping_status":"closed","template":"","meta":{"_crdt_document":"","footnotes":""},"class_list":["post-589","page","type-page","status-publish","has-post-thumbnail","hentry"],"_links":{"self":[{"href":"https:\/\/www.cie-esqui-mot.fr\/index.php\/wp-json\/wp\/v2\/pages\/589","targetHints":{"allow":["GET"]}}],"collection":[{"href":"https:\/\/www.cie-esqui-mot.fr\/index.php\/wp-json\/wp\/v2\/pages"}],"about":[{"href":"https:\/\/www.cie-esqui-mot.fr\/index.php\/wp-json\/wp\/v2\/types\/page"}],"author":[{"embeddable":true,"href":"https:\/\/www.cie-esqui-mot.fr\/index.php\/wp-json\/wp\/v2\/users\/1"}],"replies":[{"embeddable":true,"href":"https:\/\/www.cie-esqui-mot.fr\/index.php\/wp-json\/wp\/v2\/comments?post=589"}],"version-history":[{"count":15,"href":"https:\/\/www.cie-esqui-mot.fr\/index.php\/wp-json\/wp\/v2\/pages\/589\/revisions"}],"predecessor-version":[{"id":1028,"href":"https:\/\/www.cie-esqui-mot.fr\/index.php\/wp-json\/wp\/v2\/pages\/589\/revisions\/1028"}],"wp:featuredmedia":[{"embeddable":true,"href":"https:\/\/www.cie-esqui-mot.fr\/index.php\/wp-json\/wp\/v2\/media\/964"}],"wp:attachment":[{"href":"https:\/\/www.cie-esqui-mot.fr\/index.php\/wp-json\/wp\/v2\/media?parent=589"}],"curies":[{"name":"wp","href":"https:\/\/api.w.org\/{rel}","templated":true}]}}